{"id":17391,"date":"2021-09-13T10:46:47","date_gmt":"2021-09-13T10:46:47","guid":{"rendered":"https:\/\/kasvanakliyat.com.ancorathemes.com\/?page_id=17391"},"modified":"2025-09-03T21:07:09","modified_gmt":"2025-09-03T18:07:09","slug":"services-2","status":"publish","type":"page","link":"https:\/\/kasvanakliyat.com\/en\/services-2\/","title":{"rendered":"Our Services"},"content":{"rendered":"<div data-elementor-type=\"wp-page\" data-elementor-id=\"17391\" class=\"elementor elementor-17391\">\n\t\t\t\t\t\t<section class=\"elementor-section elementor-top-section elementor-element elementor-element-0bd020c elementor-section-boxed elementor-section-height-default elementor-section-height-default sc_fly_static\" data-id=\"0bd020c\" data-element_type=\"section\">\n\t\t\t\t\t\t<div class=\"elementor-container elementor-column-gap-extended\">\n\t\t\t\t\t<div class=\"elementor-column elementor-col-100 elementor-top-column elementor-element elementor-element-baddbab sc_content_align_inherit sc_layouts_column_icons_position_left sc_fly_static\" data-id=\"baddbab\" data-element_type=\"column\">\n\t\t\t<div class=\"elementor-widget-wrap elementor-element-populated\">\n\t\t\t\t\t\t<div class=\"elementor-element elementor-element-cfab63d sc_height_huge sc_fly_static elementor-widget elementor-widget-spacer\" data-id=\"cfab63d\" data-element_type=\"widget\" data-widget_type=\"spacer.default\">\n\t\t\t\t<div class=\"elementor-widget-container\">\n\t\t\t\t\t\t\t<div class=\"elementor-spacer\">\n\t\t\t<div class=\"elementor-spacer-inner\"><\/div>\n\t\t<\/div>\n\t\t\t\t\t\t<\/div>\n\t\t\t\t<\/div>\n\t\t\t\t\t<\/div>\n\t\t<\/div>\n\t\t\t\t\t<\/div>\n\t\t<\/section>\n\t\t\t\t<section class=\"elementor-section elementor-top-section elementor-element elementor-element-a9957e7 scheme_light elementor-section-boxed elementor-section-height-default elementor-section-height-default sc_fly_static\" data-id=\"a9957e7\" data-element_type=\"section\" data-settings=\"{&quot;background_background&quot;:&quot;classic&quot;}\">\n\t\t\t\t\t\t<div class=\"elementor-container elementor-column-gap-extended\">\n\t\t\t\t\t<div class=\"elementor-column elementor-col-100 elementor-top-column elementor-element elementor-element-51e2c82 sc_content_align_inherit sc_layouts_column_icons_position_left sc_fly_static\" data-id=\"51e2c82\" data-element_type=\"column\">\n\t\t\t<div class=\"elementor-widget-wrap elementor-element-populated\">\n\t\t\t\t\t\t<div class=\"elementor-element elementor-element-a75ebab sc_height_huge sc_fly_static elementor-widget elementor-widget-spacer\" data-id=\"a75ebab\" data-element_type=\"widget\" data-widget_type=\"spacer.default\">\n\t\t\t\t<div class=\"elementor-widget-container\">\n\t\t\t\t\t\t\t<div class=\"elementor-spacer\">\n\t\t\t<div class=\"elementor-spacer-inner\"><\/div>\n\t\t<\/div>\n\t\t\t\t\t\t<\/div>\n\t\t\t\t<\/div>\n\t\t\t\t<div class=\"elementor-element elementor-element-98ebb4f sc_fly_static elementor-widget elementor-widget-trx_sc_services\" data-id=\"98ebb4f\" data-element_type=\"widget\" data-widget_type=\"trx_sc_services.default\">\n\t\t\t\t<div class=\"elementor-widget-container\">\n\t\t\t\t\t<div class=\"sc_services sc_services_panel sc_services_featured_top\"><div class=\"sc_services_columns_wrap sc_item_columns sc_item_posts_container sc_item_columns_4 trx_addons_columns_wrap columns_padding_bottom columns_in_single_row\"><div class=\"trx_addons_column-1_4\"><div data-post-id=\"18304\" class=\"sc_services_item sc_item_container post_container without_content with_subtitle with_more with_pictogram sc_services_item_featured_top post-18304 cpt_services type-cpt_services status-publish has-post-thumbnail hentry cpt_services_group-hizmetlerimiz\" data-item-number=\"1\"\r\n>\r\n\t<div class=\"sc_services_item_content\">\r\n        <div class=\"sc_services_item_content_inner\"><div class=\"sc_services_item_content_inner_top\"><span class=\"sc_services_item_number\">01.<\/span><\/div>            <div class=\"sc_services_item_content_inner_bottom\">\r\n                <div class=\"sc_services_item_info\">\r\n                                        <div class=\"sc_services_item_header\">\r\n                                                <h4 class=\"sc_services_item_title entry-title\"><a href=\"https:\/\/kasvanakliyat.com\/en\/services\/domestic-vehicle-transport\/\">Domestic Vehicle Transport<\/a><\/h4>\r\n                        <div class=\"sc_services_item_subtitle\"><a href=\"https:\/\/kasvanakliyat.com\/en\/services_group\/services-2\/\" title=\"View all posts in Hizmetlerimiz\">Our Services<\/a><\/div>                    <\/div>\r\n                                        <div class=\"sc_services_item_button sc_item_button\">\r\n                        <a href=\"https:\/\/kasvanakliyat.com\/en\/services\/domestic-vehicle-transport\/\" class=\"sc_services_item_more_link\">\r\n                            <span class=\"link_text\">Read more<\/span><span class=\"link_icon\"><\/span>\r\n                        <\/a>\r\n                        <\/div><\/div>\r\n            <\/div>\r\n        <\/div><a class=\"sc_services_item_link\" href=\"https:\/\/kasvanakliyat.com\/en\/services\/domestic-vehicle-transport\/\"><\/a>    <\/div>\r\n<\/div>\r\n<\/div><div class=\"trx_addons_column-1_4\"><div data-post-id=\"18303\" class=\"sc_services_item sc_item_container post_container without_content with_subtitle with_more with_pictogram sc_services_item_featured_top post-18303 cpt_services type-cpt_services status-publish has-post-thumbnail hentry cpt_services_group-hizmetlerimiz\" data-item-number=\"2\"\r\n>\r\n\t<div class=\"sc_services_item_content\">\r\n        <div class=\"sc_services_item_content_inner\"><div class=\"sc_services_item_content_inner_top\"><span class=\"sc_services_item_number\">02.<\/span><\/div>            <div class=\"sc_services_item_content_inner_bottom\">\r\n                <div class=\"sc_services_item_info\">\r\n                                        <div class=\"sc_services_item_header\">\r\n                                                <h4 class=\"sc_services_item_title entry-title\"><a href=\"https:\/\/kasvanakliyat.com\/en\/services\/international-vehicle-logistics\/\">International Vehicle Logistics<\/a><\/h4>\r\n                        <div class=\"sc_services_item_subtitle\"><a href=\"https:\/\/kasvanakliyat.com\/en\/services_group\/services-2\/\" title=\"View all posts in Hizmetlerimiz\">Our Services<\/a><\/div>                    <\/div>\r\n                                        <div class=\"sc_services_item_button sc_item_button\">\r\n                        <a href=\"https:\/\/kasvanakliyat.com\/en\/services\/international-vehicle-logistics\/\" class=\"sc_services_item_more_link\">\r\n                            <span class=\"link_text\">Read more<\/span><span class=\"link_icon\"><\/span>\r\n                        <\/a>\r\n                        <\/div><\/div>\r\n            <\/div>\r\n        <\/div><a class=\"sc_services_item_link\" href=\"https:\/\/kasvanakliyat.com\/en\/services\/international-vehicle-logistics\/\"><\/a>    <\/div>\r\n<\/div>\r\n<\/div><div class=\"trx_addons_column-1_4\"><div data-post-id=\"18302\" class=\"sc_services_item sc_item_container post_container without_content with_subtitle with_more with_pictogram sc_services_item_featured_top post-18302 cpt_services type-cpt_services status-publish has-post-thumbnail hentry cpt_services_group-hizmetlerimiz\" data-item-number=\"3\"\r\n>\r\n\t<div class=\"sc_services_item_content\">\r\n        <div class=\"sc_services_item_content_inner\"><div class=\"sc_services_item_content_inner_top\"><span class=\"sc_services_item_number\">03.<\/span><\/div>            <div class=\"sc_services_item_content_inner_bottom\">\r\n                <div class=\"sc_services_item_info\">\r\n                                        <div class=\"sc_services_item_header\">\r\n                                                <h4 class=\"sc_services_item_title entry-title\"><a href=\"https:\/\/kasvanakliyat.com\/en\/services\/dealer-distribution-and-fleet-management\/\">Dealer Distribution and Fleet Management<\/a><\/h4>\r\n                        <div class=\"sc_services_item_subtitle\"><a href=\"https:\/\/kasvanakliyat.com\/en\/services_group\/services-2\/\" title=\"View all posts in Hizmetlerimiz\">Our Services<\/a><\/div>                    <\/div>\r\n                                        <div class=\"sc_services_item_button sc_item_button\">\r\n                        <a href=\"https:\/\/kasvanakliyat.com\/en\/services\/dealer-distribution-and-fleet-management\/\" class=\"sc_services_item_more_link\">\r\n                            <span class=\"link_text\">Read more<\/span><span class=\"link_icon\"><\/span>\r\n                        <\/a>\r\n                        <\/div><\/div>\r\n            <\/div>\r\n        <\/div><a class=\"sc_services_item_link\" href=\"https:\/\/kasvanakliyat.com\/en\/services\/dealer-distribution-and-fleet-management\/\"><\/a>    <\/div>\r\n<\/div>\r\n<\/div><div class=\"trx_addons_column-1_4\"><div data-post-id=\"18301\" class=\"sc_services_item sc_item_container post_container without_content with_subtitle with_more with_pictogram sc_services_item_featured_top post-18301 cpt_services type-cpt_services status-publish has-post-thumbnail hentry cpt_services_group-hizmetlerimiz\" data-item-number=\"4\"\r\n>\r\n\t<div class=\"sc_services_item_content\">\r\n        <div class=\"sc_services_item_content_inner\"><div class=\"sc_services_item_content_inner_top\"><span class=\"sc_services_item_number\">04.<\/span><\/div>            <div class=\"sc_services_item_content_inner_bottom\">\r\n                <div class=\"sc_services_item_info\">\r\n                                        <div class=\"sc_services_item_header\">\r\n                                                <h4 class=\"sc_services_item_title entry-title\"><a href=\"https:\/\/kasvanakliyat.com\/en\/services\/ozel-lojistik-cozumleri\/\">Customised Logistics Solutions<\/a><\/h4>\r\n                        <div class=\"sc_services_item_subtitle\"><a href=\"https:\/\/kasvanakliyat.com\/en\/services_group\/services-2\/\" title=\"View all posts in Hizmetlerimiz\">Our Services<\/a><\/div>                    <\/div>\r\n                                        <div class=\"sc_services_item_button sc_item_button\">\r\n                        <a href=\"https:\/\/kasvanakliyat.com\/en\/services\/ozel-lojistik-cozumleri\/\" class=\"sc_services_item_more_link\">\r\n                            <span class=\"link_text\">Read more<\/span><span class=\"link_icon\"><\/span>\r\n                        <\/a>\r\n                        <\/div><\/div>\r\n            <\/div>\r\n        <\/div><a class=\"sc_services_item_link\" href=\"https:\/\/kasvanakliyat.com\/en\/services\/ozel-lojistik-cozumleri\/\"><\/a>    <\/div>\r\n<\/div>\r\n<\/div><div class=\"sc_services_panel_thumbs\"><div class=\"sc_panel_thumb with_image trx_addons_inline_450284559 sc_panel_thumb_active\" data-thumb-number=\"1\"><\/div><div class=\"sc_panel_thumb with_image trx_addons_inline_827056353\" data-thumb-number=\"2\"><\/div><div class=\"sc_panel_thumb with_image trx_addons_inline_1867569367\" data-thumb-number=\"3\"><\/div><div class=\"sc_panel_thumb with_image trx_addons_inline_1697939317\" data-thumb-number=\"4\"><\/div><\/div><\/div><\/div>\t\t\t\t<\/div>\n\t\t\t\t<\/div>\n\t\t\t\t\t<\/div>\n\t\t<\/div>\n\t\t\t\t\t<\/div>\n\t\t<\/section>\n\t\t\t\t<section class=\"elementor-section elementor-top-section elementor-element elementor-element-1b77b46 elementor-section-boxed elementor-section-height-default elementor-section-height-default sc_fly_static\" data-id=\"1b77b46\" data-element_type=\"section\">\n\t\t\t\t\t\t<div class=\"elementor-container elementor-column-gap-extended\">\n\t\t\t\t\t<div class=\"elementor-column elementor-col-100 elementor-top-column elementor-element elementor-element-a995cce sc_content_align_inherit sc_layouts_column_icons_position_left sc_fly_static\" data-id=\"a995cce\" data-element_type=\"column\">\n\t\t\t<div class=\"elementor-widget-wrap elementor-element-populated\">\n\t\t\t\t\t\t<div class=\"elementor-element elementor-element-0368536 sc_height_huge sc_fly_static elementor-widget elementor-widget-spacer\" data-id=\"0368536\" data-element_type=\"widget\" data-widget_type=\"spacer.default\">\n\t\t\t\t<div class=\"elementor-widget-container\">\n\t\t\t\t\t\t\t<div class=\"elementor-spacer\">\n\t\t\t<div class=\"elementor-spacer-inner\"><\/div>\n\t\t<\/div>\n\t\t\t\t\t\t<\/div>\n\t\t\t\t<\/div>\n\t\t\t\t\t<\/div>\n\t\t<\/div>\n\t\t\t\t\t<\/div>\n\t\t<\/section>\n\t\t\t\t<\/div>","protected":false},"excerpt":{"rendered":"<p>01. Yurti\u00e7i Ara\u00e7 Ta\u015f\u0131mac\u0131l\u0131\u011f\u0131 Hizmetlerimiz Read more 02. Uluslararas\u0131 Ara\u00e7 Lojisti\u011fi Hizmetlerimiz Read more 03. Bayi Da\u011f\u0131t\u0131m\u0131 ve Filo Y\u00f6netimi Hizmetlerimiz Read more 04. \u00d6zel Lojistik \u00c7\u00f6z\u00fcmleri Hizmetlerimiz Read more<\/p>","protected":false},"author":1,"featured_media":0,"parent":0,"menu_order":0,"comment_status":"closed","ping_status":"closed","template":"","meta":{"footnotes":""},"class_list":["post-17391","page","type-page","status-publish","hentry"],"_links":{"self":[{"href":"https:\/\/kasvanakliyat.com\/en\/wp-json\/wp\/v2\/pages\/17391","targetHints":{"allow":["GET"]}}],"collection":[{"href":"https:\/\/kasvanakliyat.com\/en\/wp-json\/wp\/v2\/pages"}],"about":[{"href":"https:\/\/kasvanakliyat.com\/en\/wp-json\/wp\/v2\/types\/page"}],"author":[{"embeddable":true,"href":"https:\/\/kasvanakliyat.com\/en\/wp-json\/wp\/v2\/users\/1"}],"replies":[{"embeddable":true,"href":"https:\/\/kasvanakliyat.com\/en\/wp-json\/wp\/v2\/comments?post=17391"}],"version-history":[{"count":22,"href":"https:\/\/kasvanakliyat.com\/en\/wp-json\/wp\/v2\/pages\/17391\/revisions"}],"predecessor-version":[{"id":19979,"href":"https:\/\/kasvanakliyat.com\/en\/wp-json\/wp\/v2\/pages\/17391\/revisions\/19979"}],"wp:attachment":[{"href":"https:\/\/kasvanakliyat.com\/en\/wp-json\/wp\/v2\/media?parent=17391"}],"curies":[{"name":"wp","href":"https:\/\/api.w.org\/{rel}","templated":true}]}}